{"id":1045,"date":"2024-01-18T13:05:01","date_gmt":"2024-01-18T10:05:01","guid":{"rendered":"https:\/\/deepsea.sa\/a-propos-de\/"},"modified":"2024-07-02T00:20:11","modified_gmt":"2024-07-01T21:20:11","slug":"a-propos-de","status":"publish","type":"page","link":"https:\/\/deepsea.sa\/fr\/a-propos-de\/","title":{"rendered":"A propos de"},"content":{"rendered":"\t\t<div data-elementor-type=\"wp-page\" data-elementor-id=\"1045\" class=\"elementor elementor-1045 elementor-120\" data-elementor-post-type=\"page\">\n\t\t\t\t\t\t<section class=\"elementor-section elementor-top-section elementor-element elementor-element-6c76776a elementor-section-height-min-height elementor-section-boxed elementor-section-height-default elementor-section-items-middle\" data-id=\"6c76776a\" data-element_type=\"section\" data-e-type=\"section\" data-settings=\"{&quot;background_background&quot;:&quot;classic&quot;}\">\n\t\t\t\t\t\t\t<div class=\"elementor-background-overlay\"><\/div>\n\t\t\t\t\t\t\t<div class=\"elementor-container elementor-column-gap-default\">\n\t\t\t\t\t<div class=\"elementor-column elementor-col-100 elementor-top-column elementor-element elementor-element-15ef556a\" data-id=\"15ef556a\" data-element_type=\"column\" data-e-type=\"column\">\n\t\t\t<div class=\"elementor-widget-wrap elementor-element-populated\">\n\t\t\t\t\t\t<div class=\"elementor-element elementor-element-5c66fb1a de_scroll_animation_no elementor-invisible elementor-widget elementor-widget-heading\" data-id=\"5c66fb1a\" data-element_type=\"widget\" data-e-type=\"widget\" data-settings=\"{&quot;_animation&quot;:&quot;fadeIn&quot;}\" data-widget_type=\"heading.default\">\n\t\t\t\t<div class=\"elementor-widget-container\">\n\t\t\t\t\t<h2 class=\"elementor-heading-title elementor-size-default\">\u00c0 propos de nous<\/h2>\t\t\t\t<\/div>\n\t\t\t\t<\/div>\n\t\t\t\t<div class=\"elementor-element elementor-element-bf2d763 elementor-icon-list--layout-inline elementor-align-center elementor-list-item-link-full_width de_scroll_animation_no elementor-invisible elementor-widget elementor-widget-icon-list\" data-id=\"bf2d763\" data-element_type=\"widget\" data-e-type=\"widget\" data-settings=\"{&quot;_animation&quot;:&quot;fadeIn&quot;,&quot;_animation_delay&quot;:200}\" data-widget_type=\"icon-list.default\">\n\t\t\t\t<div class=\"elementor-widget-container\">\n\t\t\t\t\t\t\t<ul class=\"elementor-icon-list-items elementor-inline-items\">\n\t\t\t\t\t\t\t<li class=\"elementor-icon-list-item elementor-inline-item\">\n\t\t\t\t\t\t\t\t\t\t\t<a href=\"#\">\n\n\t\t\t\t\t\t\t\t\t\t\t<span class=\"elementor-icon-list-text\">Accueil<\/span>\n\t\t\t\t\t\t\t\t\t\t\t<\/a>\n\t\t\t\t\t\t\t\t\t<\/li>\n\t\t\t\t\t\t\t\t<li class=\"elementor-icon-list-item elementor-inline-item\">\n\t\t\t\t\t\t\t\t\t\t\t<span class=\"elementor-icon-list-icon\">\n\t\t\t\t\t\t\t<i aria-hidden=\"true\" class=\"icon icon-right-arrow2\"><\/i>\t\t\t\t\t\t<\/span>\n\t\t\t\t\t\t\t\t\t\t<span class=\"elementor-icon-list-text\">A propos de<\/span>\n\t\t\t\t\t\t\t\t\t<\/li>\n\t\t\t\t\t\t<\/ul>\n\t\t\t\t\t\t<\/div>\n\t\t\t\t<\/div>\n\t\t\t\t\t<\/div>\n\t\t<\/div>\n\t\t\t\t\t<\/div>\n\t\t<\/section>\n\t\t\t\t<section class=\"elementor-section elementor-top-section elementor-element elementor-element-15919741 elementor-section-boxed elementor-section-height-default elementor-section-height-default\" data-id=\"15919741\" data-element_type=\"section\" data-e-type=\"section\">\n\t\t\t\t\t\t<div class=\"elementor-container elementor-column-gap-default\">\n\t\t\t\t\t<div class=\"elementor-column elementor-col-100 elementor-top-column elementor-element elementor-element-5ec83b30\" data-id=\"5ec83b30\" data-element_type=\"column\" data-e-type=\"column\">\n\t\t\t<div class=\"elementor-widget-wrap elementor-element-populated\">\n\t\t\t\t\t\t<div class=\"elementor-element elementor-element-376c4af2 de_scroll_animation_no elementor-invisible elementor-widget elementor-widget-image\" data-id=\"376c4af2\" data-element_type=\"widget\" data-e-type=\"widget\" data-settings=\"{&quot;_animation&quot;:&quot;fadeIn&quot;}\" data-widget_type=\"image.default\">\n\t\t\t\t<div class=\"elementor-widget-container\">\n\t\t\t\t\t\t\t\t\t\t\t\t\t\t\t<img fetchpriority=\"high\" decoding=\"async\" width=\"1024\" height=\"492\" src=\"https:\/\/deepsea.sa\/wp-content\/uploads\/2024\/01\/logo_Asset-5-1024x492.png\" class=\"attachment-large size-large wp-image-778\" alt=\"\" srcset=\"https:\/\/deepsea.sa\/wp-content\/uploads\/2024\/01\/logo_Asset-5-1024x492.png 1024w, https:\/\/deepsea.sa\/wp-content\/uploads\/2024\/01\/logo_Asset-5-300x144.png 300w, https:\/\/deepsea.sa\/wp-content\/uploads\/2024\/01\/logo_Asset-5-768x369.png 768w, https:\/\/deepsea.sa\/wp-content\/uploads\/2024\/01\/logo_Asset-5.png 1316w\" sizes=\"(max-width: 1024px) 100vw, 1024px\" \/>\t\t\t\t\t\t\t\t\t\t\t\t\t\t\t<\/div>\n\t\t\t\t<\/div>\n\t\t\t\t<div class=\"elementor-element elementor-element-52ae3aae elementor-widget-divider--view-line_text elementor-widget-divider--element-align-center de_scroll_animation_no elementor-invisible elementor-widget elementor-widget-divider\" data-id=\"52ae3aae\" data-element_type=\"widget\" data-e-type=\"widget\" data-settings=\"{&quot;_animation&quot;:&quot;fadeIn&quot;}\" data-widget_type=\"divider.default\">\n\t\t\t\t<div class=\"elementor-widget-container\">\n\t\t\t\t\t\t\t<div class=\"elementor-divider\">\n\t\t\t<span class=\"elementor-divider-separator\">\n\t\t\t\t\t\t\t<span class=\"elementor-divider__text elementor-divider__element\">\n\t\t\t\t\u00c0 propos de la mer profonde\t\t\t\t<\/span>\n\t\t\t\t\t\t<\/span>\n\t\t<\/div>\n\t\t\t\t\t\t<\/div>\n\t\t\t\t<\/div>\n\t\t\t\t<div class=\"elementor-element elementor-element-73d9dca5 de_scroll_animation_no elementor-invisible elementor-widget elementor-widget-heading\" data-id=\"73d9dca5\" data-element_type=\"widget\" data-e-type=\"widget\" data-settings=\"{&quot;_animation&quot;:&quot;fadeIn&quot;,&quot;_animation_delay&quot;:200}\" data-widget_type=\"heading.default\">\n\t\t\t\t<div class=\"elementor-widget-container\">\n\t\t\t\t\t<h2 class=\"elementor-heading-title elementor-size-default\">Une croisi\u00e8re en douceur sans aucun probl\u00e8me<\/h2>\t\t\t\t<\/div>\n\t\t\t\t<\/div>\n\t\t\t\t<div class=\"elementor-element elementor-element-120f8e7c de_scroll_animation_no elementor-invisible elementor-widget elementor-widget-text-editor\" data-id=\"120f8e7c\" data-element_type=\"widget\" data-e-type=\"widget\" data-settings=\"{&quot;_animation&quot;:&quot;fadeIn&quot;,&quot;_animation_delay&quot;:400}\" data-widget_type=\"text-editor.default\">\n\t\t\t\t<div class=\"elementor-widget-container\">\n\t\t\t\t\t\t\t\t\t<p>Deep Sea Agency a \u00e9t\u00e9 cr\u00e9\u00e9e dans un but pr\u00e9cis, \u00e0 savoir g\u00e9rer les complexit\u00e9s op\u00e9rationnelles des yachts, en apportant une expertise technique \u00e0 un large \u00e9ventail de services essentiels pour les propri\u00e9taires de yachts.  <\/p>\n\t\t\t\t\t\t\t\t<\/div>\n\t\t\t\t<\/div>\n\t\t\t\t<section class=\"elementor-section elementor-inner-section elementor-element elementor-element-46b44691 elementor-section-boxed elementor-section-height-default elementor-section-height-default elementor-invisible\" data-id=\"46b44691\" data-element_type=\"section\" data-e-type=\"section\" data-settings=\"{&quot;animation&quot;:&quot;fadeIn&quot;}\">\n\t\t\t\t\t\t<div class=\"elementor-container elementor-column-gap-default\">\n\t\t\t\t\t<div class=\"elementor-column elementor-col-100 elementor-inner-column elementor-element elementor-element-4106eb02\" data-id=\"4106eb02\" data-element_type=\"column\" data-e-type=\"column\" data-settings=\"{&quot;background_background&quot;:&quot;classic&quot;}\">\n\t\t\t<div class=\"elementor-widget-wrap elementor-element-populated\">\n\t\t\t\t\t\t<div class=\"elementor-element elementor-element-69e55453 de_scroll_animation_no elementor-widget elementor-widget-elementskit-video\" data-id=\"69e55453\" data-element_type=\"widget\" data-e-type=\"widget\" data-widget_type=\"elementskit-video.default\">\n\t\t\t\t<div class=\"elementor-widget-container\">\n\t\t\t\t\t<div class=\"ekit-wid-con\" >\t\t<div class=\"video-content\" data-video-player=\"[]\" data-video-setting=\"{&quot;videoVolume&quot;:&quot;horizontal&quot;,&quot;startVolume&quot;:0.8000000000000000444089209850062616169452667236328125,&quot;videoType&quot;:&quot;iframe&quot;,&quot;videoClass&quot;:&quot;mfp-fade&quot;,&quot;videoStyle&quot;:&quot;popup&quot;,&quot;videoTypeName&quot;:&quot;youtube&quot;,&quot;autoplay&quot;:false,&quot;muted&quot;:false,&quot;loop&quot;:false}\">\n\t\t\t\n<a class=\"ekit_icon_button  ekit-video-popup ekit-video-popup-btn\" href=\"https:\/\/www.youtube.com\/embed\/bIuN-tMr8Po?feature=oembed?playlist=bIuN-tMr8Po&amp;mute=0&amp;autoplay=0&amp;loop=no&amp;controls=0&amp;start=0&amp;end=\" aria-label=\"video-popup\">\n\t\t\t\t<i aria-hidden=\"true\" class=\"icon icon-play-button\"><\/i>\t\t\n\t\t\t<\/a>\n\t\t\t\t\t\t\t<div class=\"ekit-hidden-icons\" hidden aria-hidden=\"true\">\n\t\t\t\t\t<i class=\"ekit-popup-close-icon icon icon-cancel\"><\/i>\t\t\t\t<\/div>\n\t\t<\/div>\n\t\t<\/div>\t\t\t\t<\/div>\n\t\t\t\t<\/div>\n\t\t\t\t\t<\/div>\n\t\t<\/div>\n\t\t\t\t\t<\/div>\n\t\t<\/section>\n\t\t\t\t<section class=\"elementor-section elementor-inner-section elementor-element elementor-element-718b4f08 elementor-section-boxed elementor-section-height-default elementor-section-height-default\" data-id=\"718b4f08\" data-element_type=\"section\" data-e-type=\"section\">\n\t\t\t\t\t\t<div class=\"elementor-container elementor-column-gap-default\">\n\t\t\t\t\t<div class=\"elementor-column elementor-col-50 elementor-inner-column elementor-element elementor-element-3a72349a elementor-invisible\" data-id=\"3a72349a\" data-element_type=\"column\" data-e-type=\"column\" data-settings=\"{&quot;animation&quot;:&quot;fadeIn&quot;,&quot;animation_delay&quot;:200}\">\n\t\t\t<div class=\"elementor-widget-wrap elementor-element-populated\">\n\t\t\t\t\t\t<div class=\"elementor-element elementor-element-6f97c7c de_scroll_animation_no elementor-widget elementor-widget-image\" data-id=\"6f97c7c\" data-element_type=\"widget\" data-e-type=\"widget\" data-widget_type=\"image.default\">\n\t\t\t\t<div class=\"elementor-widget-container\">\n\t\t\t\t\t\t\t\t\t\t\t\t\t\t\t<img decoding=\"async\" width=\"1024\" height=\"686\" src=\"https:\/\/deepsea.sa\/wp-content\/uploads\/2024\/01\/pexels-vaibhav-kashyap-237741-1024x686.jpg\" class=\"attachment-large size-large wp-image-892\" alt=\"\" srcset=\"https:\/\/deepsea.sa\/wp-content\/uploads\/2024\/01\/pexels-vaibhav-kashyap-237741-1024x686.jpg 1024w, https:\/\/deepsea.sa\/wp-content\/uploads\/2024\/01\/pexels-vaibhav-kashyap-237741-300x201.jpg 300w, https:\/\/deepsea.sa\/wp-content\/uploads\/2024\/01\/pexels-vaibhav-kashyap-237741-768x514.jpg 768w, https:\/\/deepsea.sa\/wp-content\/uploads\/2024\/01\/pexels-vaibhav-kashyap-237741-1536x1029.jpg 1536w, https:\/\/deepsea.sa\/wp-content\/uploads\/2024\/01\/pexels-vaibhav-kashyap-237741-2048x1372.jpg 2048w\" sizes=\"(max-width: 1024px) 100vw, 1024px\" \/>\t\t\t\t\t\t\t\t\t\t\t\t\t\t\t<\/div>\n\t\t\t\t<\/div>\n\t\t\t\t\t<\/div>\n\t\t<\/div>\n\t\t\t\t<div class=\"elementor-column elementor-col-50 elementor-inner-column elementor-element elementor-element-2961aa7e elementor-invisible\" data-id=\"2961aa7e\" data-element_type=\"column\" data-e-type=\"column\" data-settings=\"{&quot;animation&quot;:&quot;fadeIn&quot;,&quot;animation_delay&quot;:600}\">\n\t\t\t<div class=\"elementor-widget-wrap elementor-element-populated\">\n\t\t\t\t\t\t<div class=\"elementor-element elementor-element-58d15d4b de_scroll_animation_no elementor-widget elementor-widget-image\" data-id=\"58d15d4b\" data-element_type=\"widget\" data-e-type=\"widget\" data-widget_type=\"image.default\">\n\t\t\t\t<div class=\"elementor-widget-container\">\n\t\t\t\t\t\t\t\t\t\t\t\t\t\t\t<img decoding=\"async\" width=\"1024\" height=\"685\" src=\"https:\/\/deepsea.sa\/wp-content\/uploads\/2024\/01\/pexels-tiana-238367-1024x685.jpg\" class=\"attachment-large size-large wp-image-889\" alt=\"\" srcset=\"https:\/\/deepsea.sa\/wp-content\/uploads\/2024\/01\/pexels-tiana-238367-1024x685.jpg 1024w, https:\/\/deepsea.sa\/wp-content\/uploads\/2024\/01\/pexels-tiana-238367-300x201.jpg 300w, https:\/\/deepsea.sa\/wp-content\/uploads\/2024\/01\/pexels-tiana-238367-768x514.jpg 768w, https:\/\/deepsea.sa\/wp-content\/uploads\/2024\/01\/pexels-tiana-238367-1536x1028.jpg 1536w, https:\/\/deepsea.sa\/wp-content\/uploads\/2024\/01\/pexels-tiana-238367-2048x1371.jpg 2048w\" sizes=\"(max-width: 1024px) 100vw, 1024px\" \/>\t\t\t\t\t\t\t\t\t\t\t\t\t\t\t<\/div>\n\t\t\t\t<\/div>\n\t\t\t\t\t<\/div>\n\t\t<\/div>\n\t\t\t\t\t<\/div>\n\t\t<\/section>\n\t\t\t\t\t<\/div>\n\t\t<\/div>\n\t\t\t\t\t<\/div>\n\t\t<\/section>\n\t\t\t\t<section class=\"elementor-section elementor-top-section elementor-element elementor-element-6d9a7026 elementor-reverse-mobile elementor-section-boxed elementor-section-height-default elementor-section-height-default\" data-id=\"6d9a7026\" data-element_type=\"section\" data-e-type=\"section\" data-settings=\"{&quot;background_background&quot;:&quot;classic&quot;}\">\n\t\t\t\t\t\t<div class=\"elementor-container elementor-column-gap-default\">\n\t\t\t\t\t<div class=\"elementor-column elementor-col-50 elementor-top-column elementor-element elementor-element-5fcf908a\" data-id=\"5fcf908a\" data-element_type=\"column\" data-e-type=\"column\">\n\t\t\t<div class=\"elementor-widget-wrap elementor-element-populated\">\n\t\t\t\t\t\t<section class=\"elementor-section elementor-inner-section elementor-element elementor-element-1ae9441f elementor-section-height-min-height elementor-section-boxed elementor-section-height-default\" data-id=\"1ae9441f\" data-element_type=\"section\" data-e-type=\"section\" data-settings=\"{&quot;background_background&quot;:&quot;classic&quot;}\">\n\t\t\t\t\t\t<div class=\"elementor-container elementor-column-gap-default\">\n\t\t\t\t\t<div class=\"elementor-column elementor-col-100 elementor-inner-column elementor-element elementor-element-5f31a8be\" data-id=\"5f31a8be\" data-element_type=\"column\" data-e-type=\"column\">\n\t\t\t<div class=\"elementor-widget-wrap elementor-element-populated\">\n\t\t\t\t\t\t<div class=\"elementor-element elementor-element-7dcd4ea elementor-widget-divider--view-line de_scroll_animation_no elementor-widget elementor-widget-divider\" data-id=\"7dcd4ea\" data-element_type=\"widget\" data-e-type=\"widget\" data-widget_type=\"divider.default\">\n\t\t\t\t<div class=\"elementor-widget-container\">\n\t\t\t\t\t\t\t<div class=\"elementor-divider\">\n\t\t\t<span class=\"elementor-divider-separator\">\n\t\t\t\t\t\t<\/span>\n\t\t<\/div>\n\t\t\t\t\t\t<\/div>\n\t\t\t\t<\/div>\n\t\t\t\t\t<\/div>\n\t\t<\/div>\n\t\t\t\t\t<\/div>\n\t\t<\/section>\n\t\t\t\t\t<\/div>\n\t\t<\/div>\n\t\t\t\t<div class=\"elementor-column elementor-col-50 elementor-top-column elementor-element elementor-element-185b35e4\" data-id=\"185b35e4\" data-element_type=\"column\" data-e-type=\"column\">\n\t\t\t<div class=\"elementor-widget-wrap elementor-element-populated\">\n\t\t\t\t\t\t<div class=\"elementor-element elementor-element-2bb49697 elementor-widget-divider--view-line_text elementor-widget-divider--element-align-right de_scroll_animation_no elementor-invisible elementor-widget elementor-widget-divider\" data-id=\"2bb49697\" data-element_type=\"widget\" data-e-type=\"widget\" data-settings=\"{&quot;_animation&quot;:&quot;fadeIn&quot;}\" data-widget_type=\"divider.default\">\n\t\t\t\t<div class=\"elementor-widget-container\">\n\t\t\t\t\t\t\t<div class=\"elementor-divider\">\n\t\t\t<span class=\"elementor-divider-separator\">\n\t\t\t\t\t\t\t<span class=\"elementor-divider__text elementor-divider__element\">\n\t\t\t\tNotre valeur\t\t\t\t<\/span>\n\t\t\t\t\t\t<\/span>\n\t\t<\/div>\n\t\t\t\t\t\t<\/div>\n\t\t\t\t<\/div>\n\t\t\t\t<div class=\"elementor-element elementor-element-6f744b01 de_scroll_animation_no elementor-invisible elementor-widget elementor-widget-heading\" data-id=\"6f744b01\" data-element_type=\"widget\" data-e-type=\"widget\" data-settings=\"{&quot;_animation&quot;:&quot;fadeIn&quot;,&quot;_animation_delay&quot;:200}\" data-widget_type=\"heading.default\">\n\t\t\t\t<div class=\"elementor-widget-container\">\n\t\t\t\t\t<h2 class=\"elementor-heading-title elementor-size-default\">Vivre, rire et se d\u00e9tendre en croisi\u00e8re<\/h2>\t\t\t\t<\/div>\n\t\t\t\t<\/div>\n\t\t\t\t<div class=\"elementor-element elementor-element-4f7a0036 de_scroll_animation_no elementor-invisible elementor-widget elementor-widget-text-editor\" data-id=\"4f7a0036\" data-element_type=\"widget\" data-e-type=\"widget\" data-settings=\"{&quot;_animation&quot;:&quot;fadeIn&quot;,&quot;_animation_delay&quot;:400}\" data-widget_type=\"text-editor.default\">\n\t\t\t\t<div class=\"elementor-widget-container\">\n\t\t\t\t\t\t\t\t\t<p>Nous nous engageons \u00e0 fournir \u00e0 nos clients des services de gestion sp\u00e9cialis\u00e9s et nous prenons en charge tous les aspects de la propri\u00e9t\u00e9 et de l&rsquo;exploitation d&rsquo;un yacht, depuis les proc\u00e9dures d&rsquo;autorisation jusqu&rsquo;aux r\u00e9servations de postes d&rsquo;amarrage, en passant par la fourniture de carburant, l&rsquo;approvisionnement, les conseils financiers, les services logistiques, l&rsquo;assistance technique et l&rsquo;organisation des voyages, afin d&rsquo;offrir \u00e0 nos clients une exp\u00e9rience unique et sans faille, o\u00f9 qu&rsquo;ils aillent.<\/p>\n\t\t\t\t\t\t\t\t<\/div>\n\t\t\t\t<\/div>\n\t\t\t\t<section class=\"elementor-section elementor-inner-section elementor-element elementor-element-2a7babf0 elementor-section-boxed elementor-section-height-default elementor-section-height-default elementor-invisible\" data-id=\"2a7babf0\" data-element_type=\"section\" data-e-type=\"section\" data-settings=\"{&quot;animation&quot;:&quot;fadeIn&quot;,&quot;animation_delay&quot;:600}\">\n\t\t\t\t\t\t<div class=\"elementor-container elementor-column-gap-default\">\n\t\t\t\t\t<div class=\"elementor-column elementor-col-100 elementor-inner-column elementor-element elementor-element-6fc2d77d\" data-id=\"6fc2d77d\" data-element_type=\"column\" data-e-type=\"column\">\n\t\t\t<div class=\"elementor-widget-wrap elementor-element-populated\">\n\t\t\t\t\t\t<div class=\"elementor-element elementor-element-3f44b83d elementor-widget__width-auto de_scroll_animation_no elementor-widget elementor-widget-image\" data-id=\"3f44b83d\" data-element_type=\"widget\" data-e-type=\"widget\" data-widget_type=\"image.default\">\n\t\t\t\t<div class=\"elementor-widget-container\">\n\t\t\t\t\t\t\t\t\t\t\t\t\t\t\t<img loading=\"lazy\" decoding=\"async\" width=\"1000\" height=\"1000\" src=\"https:\/\/deepsea.sa\/wp-content\/uploads\/2024\/01\/icons_7.png\" class=\"attachment-large size-large wp-image-784\" alt=\"\" srcset=\"https:\/\/deepsea.sa\/wp-content\/uploads\/2024\/01\/icons_7.png 1000w, https:\/\/deepsea.sa\/wp-content\/uploads\/2024\/01\/icons_7-300x300.png 300w, https:\/\/deepsea.sa\/wp-content\/uploads\/2024\/01\/icons_7-150x150.png 150w, https:\/\/deepsea.sa\/wp-content\/uploads\/2024\/01\/icons_7-768x768.png 768w\" sizes=\"(max-width: 1000px) 100vw, 1000px\" \/>\t\t\t\t\t\t\t\t\t\t\t\t\t\t\t<\/div>\n\t\t\t\t<\/div>\n\t\t\t\t<div class=\"elementor-element elementor-element-3887b210 elementor-widget__width-initial de_scroll_animation_no elementor-widget elementor-widget-image-box\" data-id=\"3887b210\" data-element_type=\"widget\" data-e-type=\"widget\" data-widget_type=\"image-box.default\">\n\t\t\t\t<div class=\"elementor-widget-container\">\n\t\t\t\t\t<div class=\"elementor-image-box-wrapper\"><div class=\"elementor-image-box-content\"><h3 class=\"elementor-image-box-title\">Notre vision<\/h3><p class=\"elementor-image-box-description\">Cr\u00e9er une valeur \u00e9lev\u00e9e et promouvoir la durabilit\u00e9, gr\u00e2ce \u00e0 l'excellence des services maritimes et \u00e0 la localisation de l'industrie de la propri\u00e9t\u00e9 de yachts.<\/p><\/div><\/div>\t\t\t\t<\/div>\n\t\t\t\t<\/div>\n\t\t\t\t\t<\/div>\n\t\t<\/div>\n\t\t\t\t\t<\/div>\n\t\t<\/section>\n\t\t\t\t<section class=\"elementor-section elementor-inner-section elementor-element elementor-element-4c4cc498 elementor-section-boxed elementor-section-height-default elementor-section-height-default elementor-invisible\" data-id=\"4c4cc498\" data-element_type=\"section\" data-e-type=\"section\" data-settings=\"{&quot;animation&quot;:&quot;fadeIn&quot;,&quot;animation_delay&quot;:700}\">\n\t\t\t\t\t\t<div class=\"elementor-container elementor-column-gap-default\">\n\t\t\t\t\t<div class=\"elementor-column elementor-col-100 elementor-inner-column elementor-element elementor-element-82bb269\" data-id=\"82bb269\" data-element_type=\"column\" data-e-type=\"column\">\n\t\t\t<div class=\"elementor-widget-wrap elementor-element-populated\">\n\t\t\t\t\t\t<div class=\"elementor-element elementor-element-12c9c846 elementor-widget__width-auto de_scroll_animation_no elementor-widget elementor-widget-image\" data-id=\"12c9c846\" data-element_type=\"widget\" data-e-type=\"widget\" data-widget_type=\"image.default\">\n\t\t\t\t<div class=\"elementor-widget-container\">\n\t\t\t\t\t\t\t\t\t\t\t\t\t\t\t<img loading=\"lazy\" decoding=\"async\" width=\"1000\" height=\"1000\" src=\"https:\/\/deepsea.sa\/wp-content\/uploads\/2024\/01\/icons_8.png\" class=\"attachment-large size-large wp-image-826\" alt=\"\" srcset=\"https:\/\/deepsea.sa\/wp-content\/uploads\/2024\/01\/icons_8.png 1000w, https:\/\/deepsea.sa\/wp-content\/uploads\/2024\/01\/icons_8-300x300.png 300w, https:\/\/deepsea.sa\/wp-content\/uploads\/2024\/01\/icons_8-150x150.png 150w, https:\/\/deepsea.sa\/wp-content\/uploads\/2024\/01\/icons_8-768x768.png 768w\" sizes=\"(max-width: 1000px) 100vw, 1000px\" \/>\t\t\t\t\t\t\t\t\t\t\t\t\t\t\t<\/div>\n\t\t\t\t<\/div>\n\t\t\t\t<div class=\"elementor-element elementor-element-36b2bde3 elementor-widget__width-initial de_scroll_animation_no elementor-widget elementor-widget-image-box\" data-id=\"36b2bde3\" data-element_type=\"widget\" data-e-type=\"widget\" data-widget_type=\"image-box.default\">\n\t\t\t\t<div class=\"elementor-widget-container\">\n\t\t\t\t\t<div class=\"elementor-image-box-wrapper\"><div class=\"elementor-image-box-content\"><h3 class=\"elementor-image-box-title\">Notre mission<\/h3><p class=\"elementor-image-box-description\">Des services de navigation de plaisance de premier plan avec une expertise saoudienne, appliquant des pratiques commerciales responsables et des capacit\u00e9s durables pour r\u00e9pondre aux normes mondiales.<\/p><\/div><\/div>\t\t\t\t<\/div>\n\t\t\t\t<\/div>\n\t\t\t\t\t<\/div>\n\t\t<\/div>\n\t\t\t\t\t<\/div>\n\t\t<\/section>\n\t\t\t\t\t<\/div>\n\t\t<\/div>\n\t\t\t\t\t<\/div>\n\t\t<\/section>\n\t\t\t\t<\/div>\n\t\t","protected":false},"excerpt":{"rendered":"<p>\u00c0 propos de nous Accueil A propos de \u00c0 propos de la mer profonde Une croisi\u00e8re en douceur sans aucun probl\u00e8me Deep Sea Agency a \u00e9t\u00e9 cr\u00e9\u00e9e dans un but pr\u00e9cis, \u00e0 savoir g\u00e9rer les complexit\u00e9s op\u00e9rationnelles des yachts, en apportant une expertise technique \u00e0 un large \u00e9ventail de services essentiels pour les propri\u00e9taires de [&hellip;]<\/p>\n","protected":false},"author":3,"featured_media":0,"parent":0,"menu_order":0,"comment_status":"closed","ping_status":"closed","template":"elementor_header_footer","meta":{"footnotes":""},"class_list":["post-1045","page","type-page","status-publish","hentry"],"_links":{"self":[{"href":"https:\/\/deepsea.sa\/fr\/wp-json\/wp\/v2\/pages\/1045","targetHints":{"allow":["GET"]}}],"collection":[{"href":"https:\/\/deepsea.sa\/fr\/wp-json\/wp\/v2\/pages"}],"about":[{"href":"https:\/\/deepsea.sa\/fr\/wp-json\/wp\/v2\/types\/page"}],"author":[{"embeddable":true,"href":"https:\/\/deepsea.sa\/fr\/wp-json\/wp\/v2\/users\/3"}],"replies":[{"embeddable":true,"href":"https:\/\/deepsea.sa\/fr\/wp-json\/wp\/v2\/comments?post=1045"}],"version-history":[{"count":4,"href":"https:\/\/deepsea.sa\/fr\/wp-json\/wp\/v2\/pages\/1045\/revisions"}],"predecessor-version":[{"id":2019,"href":"https:\/\/deepsea.sa\/fr\/wp-json\/wp\/v2\/pages\/1045\/revisions\/2019"}],"wp:attachment":[{"href":"https:\/\/deepsea.sa\/fr\/wp-json\/wp\/v2\/media?parent=1045"}],"curies":[{"name":"wp","href":"https:\/\/api.w.org\/{rel}","templated":true}]}}