{"id":1087,"date":"2024-01-18T13:27:02","date_gmt":"2024-01-18T10:27:02","guid":{"rendered":"https:\/\/deepsea.sa\/services\/"},"modified":"2025-10-11T16:23:13","modified_gmt":"2025-10-11T13:23:13","slug":"services","status":"publish","type":"page","link":"https:\/\/deepsea.sa\/fr\/services\/","title":{"rendered":"Services"},"content":{"rendered":"\t\t<div data-elementor-type=\"wp-page\" data-elementor-id=\"1087\" class=\"elementor elementor-1087 elementor-137\" data-elementor-post-type=\"page\">\n\t\t\t\t\t\t<section class=\"elementor-section elementor-top-section elementor-element elementor-element-46479016 elementor-section-height-min-height elementor-section-boxed elementor-section-height-default elementor-section-items-middle\" data-id=\"46479016\" data-element_type=\"section\" data-e-type=\"section\" data-settings=\"{&quot;background_background&quot;:&quot;classic&quot;}\">\n\t\t\t\t\t\t\t<div class=\"elementor-background-overlay\"><\/div>\n\t\t\t\t\t\t\t<div class=\"elementor-container elementor-column-gap-default\">\n\t\t\t\t\t<div class=\"elementor-column elementor-col-100 elementor-top-column elementor-element elementor-element-31b7891a\" data-id=\"31b7891a\" data-element_type=\"column\" data-e-type=\"column\">\n\t\t\t<div class=\"elementor-widget-wrap elementor-element-populated\">\n\t\t\t\t\t\t<div class=\"elementor-element elementor-element-50b0a64b de_scroll_animation_no elementor-invisible elementor-widget elementor-widget-heading\" data-id=\"50b0a64b\" data-element_type=\"widget\" data-e-type=\"widget\" data-settings=\"{&quot;_animation&quot;:&quot;fadeIn&quot;}\" data-widget_type=\"heading.default\">\n\t\t\t\t<div class=\"elementor-widget-container\">\n\t\t\t\t\t<h2 class=\"elementor-heading-title elementor-size-default\">Nos services<\/h2>\t\t\t\t<\/div>\n\t\t\t\t<\/div>\n\t\t\t\t<div class=\"elementor-element elementor-element-47b25005 elementor-icon-list--layout-inline elementor-align-center elementor-list-item-link-full_width de_scroll_animation_no elementor-invisible elementor-widget elementor-widget-icon-list\" data-id=\"47b25005\" data-element_type=\"widget\" data-e-type=\"widget\" data-settings=\"{&quot;_animation&quot;:&quot;fadeIn&quot;,&quot;_animation_delay&quot;:200}\" data-widget_type=\"icon-list.default\">\n\t\t\t\t<div class=\"elementor-widget-container\">\n\t\t\t\t\t\t\t<ul class=\"elementor-icon-list-items elementor-inline-items\">\n\t\t\t\t\t\t\t<li class=\"elementor-icon-list-item elementor-inline-item\">\n\t\t\t\t\t\t\t\t\t\t\t<a href=\"#\">\n\n\t\t\t\t\t\t\t\t\t\t\t<span class=\"elementor-icon-list-text\">Accueil<\/span>\n\t\t\t\t\t\t\t\t\t\t\t<\/a>\n\t\t\t\t\t\t\t\t\t<\/li>\n\t\t\t\t\t\t\t\t<li class=\"elementor-icon-list-item elementor-inline-item\">\n\t\t\t\t\t\t\t\t\t\t\t<span class=\"elementor-icon-list-icon\">\n\t\t\t\t\t\t\t<i aria-hidden=\"true\" class=\"icon icon-right-arrow2\"><\/i>\t\t\t\t\t\t<\/span>\n\t\t\t\t\t\t\t\t\t\t<span class=\"elementor-icon-list-text\">Services<\/span>\n\t\t\t\t\t\t\t\t\t<\/li>\n\t\t\t\t\t\t<\/ul>\n\t\t\t\t\t\t<\/div>\n\t\t\t\t<\/div>\n\t\t\t\t\t<\/div>\n\t\t<\/div>\n\t\t\t\t\t<\/div>\n\t\t<\/section>\n\t\t\t\t<section class=\"elementor-section elementor-top-section elementor-element elementor-element-36211a56 elementor-section-boxed elementor-section-height-default elementor-section-height-default\" data-id=\"36211a56\" data-element_type=\"section\" data-e-type=\"section\" data-settings=\"{&quot;background_background&quot;:&quot;classic&quot;}\">\n\t\t\t\t\t\t<div class=\"elementor-container elementor-column-gap-default\">\n\t\t\t\t\t<div class=\"elementor-column elementor-col-50 elementor-top-column elementor-element elementor-element-7160ee48 elementor-hidden-mobile\" data-id=\"7160ee48\" data-element_type=\"column\" data-e-type=\"column\" data-settings=\"{&quot;background_background&quot;:&quot;classic&quot;}\">\n\t\t\t<div class=\"elementor-widget-wrap\">\n\t\t\t\t\t\t\t<\/div>\n\t\t<\/div>\n\t\t\t\t<div class=\"elementor-column elementor-col-50 elementor-top-column elementor-element elementor-element-6d2ab672\" data-id=\"6d2ab672\" data-element_type=\"column\" data-e-type=\"column\">\n\t\t\t<div class=\"elementor-widget-wrap elementor-element-populated\">\n\t\t\t\t\t\t<div class=\"elementor-element elementor-element-2cb11fbe elementor-widget-divider--view-line_text elementor-widget-divider--element-align-right de_scroll_animation_no elementor-invisible elementor-widget elementor-widget-divider\" data-id=\"2cb11fbe\" data-element_type=\"widget\" data-e-type=\"widget\" data-settings=\"{&quot;_animation&quot;:&quot;fadeIn&quot;}\" data-widget_type=\"divider.default\">\n\t\t\t\t<div class=\"elementor-widget-container\">\n\t\t\t\t\t\t\t<div class=\"elementor-divider\">\n\t\t\t<span class=\"elementor-divider-separator\">\n\t\t\t\t\t\t\t<span class=\"elementor-divider__text elementor-divider__element\">\n\t\t\t\tNos services\t\t\t\t<\/span>\n\t\t\t\t\t\t<\/span>\n\t\t<\/div>\n\t\t\t\t\t\t<\/div>\n\t\t\t\t<\/div>\n\t\t\t\t<div class=\"elementor-element elementor-element-64c2fc8f de_scroll_animation_no elementor-invisible elementor-widget elementor-widget-heading\" data-id=\"64c2fc8f\" data-element_type=\"widget\" data-e-type=\"widget\" data-settings=\"{&quot;_animation&quot;:&quot;fadeIn&quot;,&quot;_animation_delay&quot;:200}\" data-widget_type=\"heading.default\">\n\t\t\t\t<div class=\"elementor-widget-container\">\n\t\t\t\t\t<h2 class=\"elementor-heading-title elementor-size-default\">Nous sommes votre partenaire de confiance dans les ports d'Arabie Saoudite<\/h2>\t\t\t\t<\/div>\n\t\t\t\t<\/div>\n\t\t\t\t<div class=\"elementor-element elementor-element-45c09bf7 de_scroll_animation_no elementor-invisible elementor-widget elementor-widget-text-editor\" data-id=\"45c09bf7\" data-element_type=\"widget\" data-e-type=\"widget\" data-settings=\"{&quot;_animation&quot;:&quot;fadeIn&quot;,&quot;_animation_delay&quot;:400}\" data-widget_type=\"text-editor.default\">\n\t\t\t\t<div class=\"elementor-widget-container\">\n\t\t\t\t\t\t\t\t\t<p>Entrer dans le monde merveilleux de l&rsquo;Arabie saoudite et du littoral de la corniche de Djeddah ne pourrait \u00eatre plus facile. Nos experts sont pr\u00eats \u00e0 s&rsquo;occuper des aspects les plus difficiles de l&rsquo;entr\u00e9e dans le Royaume pendant que vous profitez du luxe in\u00e9gal\u00e9 qui vous est offert en attendant.<\/p>\t\t\t\t\t\t\t\t<\/div>\n\t\t\t\t<\/div>\n\t\t\t\t<div class=\"elementor-element elementor-element-9795cd7 elementor-icon-list--layout-traditional elementor-list-item-link-full_width de_scroll_animation_no elementor-invisible elementor-widget elementor-widget-icon-list\" data-id=\"9795cd7\" data-element_type=\"widget\" data-e-type=\"widget\" data-settings=\"{&quot;_animation&quot;:&quot;fadeIn&quot;,&quot;_animation_delay&quot;:600}\" data-widget_type=\"icon-list.default\">\n\t\t\t\t<div class=\"elementor-widget-container\">\n\t\t\t\t\t\t\t<ul class=\"elementor-icon-list-items\">\n\t\t\t\t\t\t\t<li class=\"elementor-icon-list-item\">\n\t\t\t\t\t\t\t\t\t\t\t<span class=\"elementor-icon-list-icon\">\n\t\t\t\t\t\t\t<i aria-hidden=\"true\" class=\"icon icon-tick\"><\/i>\t\t\t\t\t\t<\/span>\n\t\t\t\t\t\t\t\t\t\t<span class=\"elementor-icon-list-text\">Proc\u00e9dures de permis gouvernementaux et r\u00e9servations de places d'amarrage.<\/span>\n\t\t\t\t\t\t\t\t\t<\/li>\n\t\t\t\t\t\t\t\t<li class=\"elementor-icon-list-item\">\n\t\t\t\t\t\t\t\t\t\t\t<span class=\"elementor-icon-list-icon\">\n\t\t\t\t\t\t\t<i aria-hidden=\"true\" class=\"icon icon-tick\"><\/i>\t\t\t\t\t\t<\/span>\n\t\t\t\t\t\t\t\t\t\t<span class=\"elementor-icon-list-text\">Services d'approvisionnement et de logistique de la restauration.<\/span>\n\t\t\t\t\t\t\t\t\t<\/li>\n\t\t\t\t\t\t\t\t<li class=\"elementor-icon-list-item\">\n\t\t\t\t\t\t\t\t\t\t\t<span class=\"elementor-icon-list-icon\">\n\t\t\t\t\t\t\t<i aria-hidden=\"true\" class=\"icon icon-tick\"><\/i>\t\t\t\t\t\t<\/span>\n\t\t\t\t\t\t\t\t\t\t<span class=\"elementor-icon-list-text\">Assistance technique et organisation des voyages.<\/span>\n\t\t\t\t\t\t\t\t\t<\/li>\n\t\t\t\t\t\t<\/ul>\n\t\t\t\t\t\t<\/div>\n\t\t\t\t<\/div>\n\t\t\t\t<div class=\"elementor-element elementor-element-734175cb elementor-align-left animated-fast elementor-invisible elementor-widget elementor-widget-button\" data-id=\"734175cb\" data-element_type=\"widget\" data-e-type=\"widget\" data-settings=\"{&quot;_animation&quot;:&quot;pulse&quot;,&quot;_animation_delay&quot;:800}\" data-widget_type=\"button.default\">\n\t\t\t\t<div class=\"elementor-widget-container\">\n\t\t\t\t\t\t\t\t\t<div class=\"elementor-button-wrapper\">\n\t\t\t\t\t<a class=\"elementor-button elementor-button-link elementor-size-sm elementor-animation-bob\" href=\"https:\/\/deepsea.sa\/fr\/contact\/\" target=\"_blank\">\n\t\t\t\t\t\t<span class=\"elementor-button-content-wrapper\">\n\t\t\t\t\t\t<span class=\"elementor-button-icon\">\n\t\t\t\t<svg aria-hidden=\"true\" class=\"e-font-icon-svg e-fas-arrow-circle-right\" viewBox=\"0 0 512 512\" xmlns=\"http:\/\/www.w3.org\/2000\/svg\"><path d=\"M256 8c137 0 248 111 248 248S393 504 256 504 8 393 8 256 119 8 256 8zm-28.9 143.6l75.5 72.4H120c-13.3 0-24 10.7-24 24v16c0 13.3 10.7 24 24 24h182.6l-75.5 72.4c-9.7 9.3-9.9 24.8-.4 34.3l11 10.9c9.4 9.4 24.6 9.4 33.9 0L404.3 273c9.4-9.4 9.4-24.6 0-33.9L271.6 106.3c-9.4-9.4-24.6-9.4-33.9 0l-11 10.9c-9.5 9.6-9.3 25.1.4 34.4z\"><\/path><\/svg>\t\t\t<\/span>\n\t\t\t\t\t\t\t\t\t<span class=\"elementor-button-text\">CONTACTEZ-NOUS<\/span>\n\t\t\t\t\t<\/span>\n\t\t\t\t\t<\/a>\n\t\t\t\t<\/div>\n\t\t\t\t\t\t\t\t<\/div>\n\t\t\t\t<\/div>\n\t\t\t\t\t<\/div>\n\t\t<\/div>\n\t\t\t\t\t<\/div>\n\t\t<\/section>\n\t\t\t\t<section class=\"elementor-section elementor-top-section elementor-element elementor-element-622de837 elementor-section-height-min-height elementor-section-boxed elementor-section-height-default elementor-section-items-middle\" data-id=\"622de837\" data-element_type=\"section\" data-e-type=\"section\" data-settings=\"{&quot;background_background&quot;:&quot;classic&quot;}\">\n\t\t\t\t\t\t<div class=\"elementor-container elementor-column-gap-default\">\n\t\t\t\t\t<div class=\"elementor-column elementor-col-100 elementor-top-column elementor-element elementor-element-5e2b8a01\" data-id=\"5e2b8a01\" data-element_type=\"column\" data-e-type=\"column\" data-settings=\"{&quot;animation_mobile&quot;:&quot;none&quot;}\">\n\t\t\t<div class=\"elementor-widget-wrap elementor-element-populated\">\n\t\t\t\t\t\t<section class=\"elementor-section elementor-inner-section elementor-element elementor-element-18a52fec elementor-section-height-min-height animated-slow elementor-section-boxed elementor-section-height-default elementor-invisible\" data-id=\"18a52fec\" data-element_type=\"section\" data-e-type=\"section\" data-settings=\"{&quot;animation&quot;:&quot;fadeIn&quot;}\">\n\t\t\t\t\t\t<div class=\"elementor-container elementor-column-gap-wide\">\n\t\t\t\t\t<div class=\"elementor-column elementor-col-50 elementor-inner-column elementor-element elementor-element-113cbf1a\" data-id=\"113cbf1a\" data-element_type=\"column\" data-e-type=\"column\">\n\t\t\t<div class=\"elementor-widget-wrap elementor-element-populated\">\n\t\t\t\t\t\t<div class=\"elementor-element elementor-element-1caee9d1 elementor-position-left elementor-vertical-align-middle envato-kit-140-imagebox-nospace elementor-position-left de_scroll_animation_no elementor-widget elementor-widget-image-box\" data-id=\"1caee9d1\" data-element_type=\"widget\" data-e-type=\"widget\" data-widget_type=\"image-box.default\">\n\t\t\t\t<div class=\"elementor-widget-container\">\n\t\t\t\t\t<div class=\"elementor-image-box-wrapper\"><figure class=\"elementor-image-box-img\"><img decoding=\"async\" src=\"https:\/\/deepsea.sa\/wp-content\/uploads\/elementor\/thumbs\/ac-home-yacht-services-n-qiyxzjtz7h664hk3twq96xratcrd58ecmh4zl9ekzc.jpg\" title=\"yacht-services\" alt=\"yacht-services\" class=\"elementor-animation-bob\" loading=\"lazy\" \/><\/figure><div class=\"elementor-image-box-content\"><div class=\"elementor-image-box-title\">SOUTIEN OP\u00c9RATIONNEL<\/div><p class=\"elementor-image-box-description\">Votre gestionnaire de yacht attitr\u00e9 s'occupera de tous vos besoins en mati\u00e8re de gestion de yacht avec le professionnalisme et l'expertise dont vous avez besoin, o\u00f9 et quand vous le souhaitez.<\/p><\/div><\/div>\t\t\t\t<\/div>\n\t\t\t\t<\/div>\n\t\t\t\t<div class=\"elementor-element elementor-element-55b8c44 elementor-position-right elementor-vertical-align-middle envato-kit-140-imagebox-nospace elementor-widget__width-initial de_scroll_animation_no elementor-widget elementor-widget-image-box\" data-id=\"55b8c44\" data-element_type=\"widget\" data-e-type=\"widget\" data-widget_type=\"image-box.default\">\n\t\t\t\t<div class=\"elementor-widget-container\">\n\t\t\t\t\t<div class=\"elementor-image-box-wrapper\"><figure class=\"elementor-image-box-img\"><img decoding=\"async\" src=\"https:\/\/deepsea.sa\/wp-content\/uploads\/elementor\/thumbs\/ship-supply-qjzru030lgk76aexinqjjbon8rfutwzcy9y652zlq0.jpg\" title=\"ship-supply\" alt=\"ship-supply\" class=\"elementor-animation-bob\" loading=\"lazy\" \/><\/figure><div class=\"elementor-image-box-content\"><div class=\"elementor-image-box-title\">Fournitures et achats<\/div><p class=\"elementor-image-box-description\">Qu'il s'agisse de maintenance ou de panne, nous savons \u00e0 quel point il peut \u00eatre difficile de trouver des pi\u00e8ces de rechange rapidement et sans payer trop cher - sans parler d'obtenir un tarif pr\u00e9f\u00e9rentiel.<\/p><\/div><\/div>\t\t\t\t<\/div>\n\t\t\t\t<\/div>\n\t\t\t\t<div class=\"elementor-element elementor-element-7a195c7 elementor-position-left elementor-vertical-align-middle envato-kit-140-imagebox-nospace de_scroll_animation_no elementor-widget elementor-widget-image-box\" data-id=\"7a195c7\" data-element_type=\"widget\" data-e-type=\"widget\" data-widget_type=\"image-box.default\">\n\t\t\t\t<div class=\"elementor-widget-container\">\n\t\t\t\t\t<div class=\"elementor-image-box-wrapper\"><figure class=\"elementor-image-box-img\"><img fetchpriority=\"high\" decoding=\"async\" width=\"990\" height=\"1024\" src=\"https:\/\/deepsea.sa\/wp-content\/uploads\/2024\/02\/05242023223224646e907850bec.jpg\" class=\"elementor-animation-bob attachment-full size-full wp-image-638\" alt=\"\" srcset=\"https:\/\/deepsea.sa\/wp-content\/uploads\/2024\/02\/05242023223224646e907850bec.jpg 990w, https:\/\/deepsea.sa\/wp-content\/uploads\/2024\/02\/05242023223224646e907850bec-290x300.jpg 290w, https:\/\/deepsea.sa\/wp-content\/uploads\/2024\/02\/05242023223224646e907850bec-768x794.jpg 768w\" sizes=\"(max-width: 990px) 100vw, 990px\" \/><\/figure><div class=\"elementor-image-box-content\"><div class=\"elementor-image-box-title\">Maintenance<\/div><p class=\"elementor-image-box-description\">Nos ing\u00e9nieurs et leurs \u00e9quipes techniques sp\u00e9cialis\u00e9es sont l\u00e0 pour s'assurer que vous vous d\u00e9tendez pendant la p\u00e9riode d'entretien de votre yacht. Ils m\u00e8nent des enqu\u00eates sp\u00e9cifiques afin d'identifier tout probl\u00e8me et d'y apporter la meilleure solution.<\/p><\/div><\/div>\t\t\t\t<\/div>\n\t\t\t\t<\/div>\n\t\t\t\t\t<\/div>\n\t\t<\/div>\n\t\t\t\t<div class=\"elementor-column elementor-col-50 elementor-inner-column elementor-element elementor-element-37030bbf\" data-id=\"37030bbf\" data-element_type=\"column\" data-e-type=\"column\" data-settings=\"{&quot;animation&quot;:&quot;none&quot;}\">\n\t\t\t<div class=\"elementor-widget-wrap elementor-element-populated\">\n\t\t\t\t\t\t<div class=\"elementor-element elementor-element-5c13a6a4 elementor-position-right elementor-vertical-align-middle envato-kit-140-imagebox-nospace de_scroll_animation_no elementor-invisible elementor-widget elementor-widget-image-box\" data-id=\"5c13a6a4\" data-element_type=\"widget\" data-e-type=\"widget\" data-settings=\"{&quot;_animation&quot;:&quot;fadeIn&quot;}\" data-widget_type=\"image-box.default\">\n\t\t\t\t<div class=\"elementor-widget-container\">\n\t\t\t\t\t<div class=\"elementor-image-box-wrapper\"><figure class=\"elementor-image-box-img\"><img decoding=\"async\" src=\"https:\/\/deepsea.sa\/wp-content\/uploads\/elementor\/thumbs\/JYC2-qisjsaxpsujz318wj78hbp1letjo1rlo8esx3qzlq0.png\" title=\"JYC2\" alt=\"JYC2\" class=\"elementor-animation-bob\" loading=\"lazy\" \/><\/figure><div class=\"elementor-image-box-content\"><div class=\"elementor-image-box-title\">PORT D'ENTR\u00c9E<\/div><p class=\"elementor-image-box-description\">Gr\u00e2ce au portail \u00e9lectronique EBHAR, il n'a jamais \u00e9t\u00e9 aussi facile d'obtenir des visas pour vos invit\u00e9s et votre \u00e9quipage. La plateforme rationalise toutes les proc\u00e9dures n\u00e9cessaires pour entrer et sortir du Royaume, y compris l'enregistrement des yachts, les permis de navigation et les licences de navigation.<\/p><\/div><\/div>\t\t\t\t<\/div>\n\t\t\t\t<\/div>\n\t\t\t\t<div class=\"elementor-element elementor-element-0cd0517 elementor-position-left elementor-vertical-align-middle envato-kit-140-imagebox-nospace de_scroll_animation_no elementor-widget elementor-widget-image-box\" data-id=\"0cd0517\" data-element_type=\"widget\" data-e-type=\"widget\" data-widget_type=\"image-box.default\">\n\t\t\t\t<div class=\"elementor-widget-container\">\n\t\t\t\t\t<div class=\"elementor-image-box-wrapper\"><figure class=\"elementor-image-box-img\"><img decoding=\"async\" width=\"1024\" height=\"642\" src=\"https:\/\/deepsea.sa\/wp-content\/uploads\/2024\/02\/05242023222515646e8ecbd8b89.jpg\" class=\"elementor-animation-bob attachment-large size-large wp-image-631\" alt=\"Yacht bunkering services\" srcset=\"https:\/\/deepsea.sa\/wp-content\/uploads\/2024\/02\/05242023222515646e8ecbd8b89.jpg 1024w, https:\/\/deepsea.sa\/wp-content\/uploads\/2024\/02\/05242023222515646e8ecbd8b89-300x188.jpg 300w, https:\/\/deepsea.sa\/wp-content\/uploads\/2024\/02\/05242023222515646e8ecbd8b89-768x482.jpg 768w\" sizes=\"(max-width: 1024px) 100vw, 1024px\" \/><\/figure><div class=\"elementor-image-box-content\"><div class=\"elementor-image-box-title\">Services d'avitaillement pour les yachts<\/div><p class=\"elementor-image-box-description\">Nous couvrons tous les besoins en carburant des yachts, nous donnons acc\u00e8s aux prix les plus comp\u00e9titifs et nous organisons la livraison de carburant, de lubrifiants et de JetA1 de haute qualit\u00e9 aux yachts et \u00e0 leurs embarcations dans toute l'ARABIE SAOUDITE.  <\/p><\/div><\/div>\t\t\t\t<\/div>\n\t\t\t\t<\/div>\n\t\t\t\t<div class=\"elementor-element elementor-element-3b758005 elementor-position-right elementor-vertical-align-middle envato-kit-140-imagebox-nospace elementor-widget__width-initial de_scroll_animation_no elementor-widget elementor-widget-image-box\" data-id=\"3b758005\" data-element_type=\"widget\" data-e-type=\"widget\" data-widget_type=\"image-box.default\">\n\t\t\t\t<div class=\"elementor-widget-container\">\n\t\t\t\t\t<div class=\"elementor-image-box-wrapper\"><figure class=\"elementor-image-box-img\"><img decoding=\"async\" width=\"390\" height=\"237\" src=\"https:\/\/deepsea.sa\/wp-content\/uploads\/2024\/02\/image-26923-saudi-arabian-gulf-woman-works-customer-service-records-their-thumbnail.webp\" class=\"elementor-animation-bob attachment-full size-full wp-image-637\" alt=\"\" srcset=\"https:\/\/deepsea.sa\/wp-content\/uploads\/2024\/02\/image-26923-saudi-arabian-gulf-woman-works-customer-service-records-their-thumbnail.webp 390w, https:\/\/deepsea.sa\/wp-content\/uploads\/2024\/02\/image-26923-saudi-arabian-gulf-woman-works-customer-service-records-their-thumbnail-300x182.webp 300w\" sizes=\"(max-width: 390px) 100vw, 390px\" \/><\/figure><div class=\"elementor-image-box-content\"><div class=\"elementor-image-box-title\">R\u00e9ponse rapide de l'assistance<\/div><p class=\"elementor-image-box-description\">Que vous pr\u00e9voyiez de transiter ou de visiter les ports du Royaume d'Arabie Saoudite, notre \u00e9quipe d\u00e9vou\u00e9e de professionnels des superyachts est \u00e0 port\u00e9e de clic ou de t\u00e9l\u00e9phone. Nous r\u00e9pondrons \u00e0 votre demande aussi rapidement et efficacement que possible.<\/p><\/div><\/div>\t\t\t\t<\/div>\n\t\t\t\t<\/div>\n\t\t\t\t\t<\/div>\n\t\t<\/div>\n\t\t\t\t\t<\/div>\n\t\t<\/section>\n\t\t\t\t\t<\/div>\n\t\t<\/div>\n\t\t\t\t\t<\/div>\n\t\t<\/section>\n\t\t\t\t<\/div>\n\t\t","protected":false},"excerpt":{"rendered":"<p>Nos services Accueil Services Nos services Nous sommes votre partenaire de confiance dans les ports d&rsquo;Arabie Saoudite Entrer dans le monde merveilleux de l&rsquo;Arabie saoudite et du littoral de la corniche de Djeddah ne pourrait \u00eatre plus facile. Nos experts sont pr\u00eats \u00e0 s&rsquo;occuper des aspects les plus difficiles de l&rsquo;entr\u00e9e dans le Royaume pendant [&hellip;]<\/p>\n","protected":false},"author":3,"featured_media":0,"parent":0,"menu_order":0,"comment_status":"closed","ping_status":"closed","template":"elementor_header_footer","meta":{"footnotes":""},"class_list":["post-1087","page","type-page","status-publish","hentry"],"_links":{"self":[{"href":"https:\/\/deepsea.sa\/fr\/wp-json\/wp\/v2\/pages\/1087","targetHints":{"allow":["GET"]}}],"collection":[{"href":"https:\/\/deepsea.sa\/fr\/wp-json\/wp\/v2\/pages"}],"about":[{"href":"https:\/\/deepsea.sa\/fr\/wp-json\/wp\/v2\/types\/page"}],"author":[{"embeddable":true,"href":"https:\/\/deepsea.sa\/fr\/wp-json\/wp\/v2\/users\/3"}],"replies":[{"embeddable":true,"href":"https:\/\/deepsea.sa\/fr\/wp-json\/wp\/v2\/comments?post=1087"}],"version-history":[{"count":9,"href":"https:\/\/deepsea.sa\/fr\/wp-json\/wp\/v2\/pages\/1087\/revisions"}],"predecessor-version":[{"id":2546,"href":"https:\/\/deepsea.sa\/fr\/wp-json\/wp\/v2\/pages\/1087\/revisions\/2546"}],"wp:attachment":[{"href":"https:\/\/deepsea.sa\/fr\/wp-json\/wp\/v2\/media?parent=1087"}],"curies":[{"name":"wp","href":"https:\/\/api.w.org\/{rel}","templated":true}]}}