{"id":1104,"date":"2024-02-18T19:17:32","date_gmt":"2024-02-18T16:17:32","guid":{"rendered":"https:\/\/deepsea.sa\/politique-de-lutte-contre-la-corruption\/"},"modified":"2025-04-30T21:58:21","modified_gmt":"2025-04-30T18:58:21","slug":"politique-de-lutte-contre-la-corruption","status":"publish","type":"page","link":"https:\/\/deepsea.sa\/fr\/politique-de-lutte-contre-la-corruption\/","title":{"rendered":"Politique de lutte contre la corruption"},"content":{"rendered":"\t\t<div data-elementor-type=\"wp-page\" data-elementor-id=\"1104\" class=\"elementor elementor-1104 elementor-726\" data-elementor-post-type=\"page\">\n\t\t\t\t<div class=\"elementor-element elementor-element-e07e7e3 e-flex e-con-boxed e-con e-parent\" data-id=\"e07e7e3\" data-element_type=\"container\" data-e-type=\"container\" data-settings=\"{&quot;background_background&quot;:&quot;classic&quot;}\">\n\t\t\t\t\t<div class=\"e-con-inner\">\n\t\t\t\t\t<\/div>\n\t\t\t\t<\/div>\n\t\t<div class=\"elementor-element elementor-element-a31b487 e-flex e-con-boxed e-con e-parent\" data-id=\"a31b487\" data-element_type=\"container\" data-e-type=\"container\" data-settings=\"{&quot;background_background&quot;:&quot;classic&quot;}\">\n\t\t\t\t\t<div class=\"e-con-inner\">\n\t\t\t\t<div class=\"elementor-element elementor-element-f073f6a de_scroll_animation_no elementor-widget elementor-widget-heading\" data-id=\"f073f6a\" data-element_type=\"widget\" data-e-type=\"widget\" data-widget_type=\"heading.default\">\n\t\t\t\t<div class=\"elementor-widget-container\">\n\t\t\t\t\t<h2 class=\"elementor-heading-title elementor-size-default\">Politique de lutte contre la corruption<br><\/h2>\t\t\t\t<\/div>\n\t\t\t\t<\/div>\n\t\t\t\t<div class=\"elementor-element elementor-element-16e235e de_scroll_animation_no elementor-widget elementor-widget-text-editor\" data-id=\"16e235e\" data-element_type=\"widget\" data-e-type=\"widget\" data-widget_type=\"text-editor.default\">\n\t\t\t\t<div class=\"elementor-widget-container\">\n\t\t\t\t\t\t\t\t\t<p>Champ d&rsquo;application de la politique La politique de l&rsquo;agence Deep Sea repose sur plusieurs principes et valeurs fondamentaux qu&rsquo;elle estime \u00eatre \u00e0 la base de pratiques commerciales saines et \u00e9quitables, et qu&rsquo;il est donc important de respecter. L&rsquo;un de ces principes est une attitude de tol\u00e9rance z\u00e9ro \u00e0 l&rsquo;\u00e9gard de la corruption, o\u00f9 qu&rsquo;elle se trouve et sous quelque forme que ce soit. Ce document vise \u00e0 renforcer notre politique en mati\u00e8re d&rsquo;\u00e9thique et \u00e0 clarifier les normes et les principes requis pour garantir le respect des exigences l\u00e9gales au sein de l&rsquo;\u00c9tat saoudien dans lequel l&rsquo;entreprise op\u00e8re et de ses filiales.<\/p>\n<p><strong>Deep Sea Agency interdit les pots-de-vin et la corruption sous toutes leurs formes. Il s&rsquo;agit notamment de<\/strong><\/p>\n<ul>\n<li>Le fait de donner ou d&rsquo;offrir des cadeaux, des paiements ou d&rsquo;autres avantages \u00e0 des fonctionnaires pour influencer une d\u00e9cision.<\/li>\n<li>Accepter des cadeaux, des paiements ou d&rsquo;autres avantages de la part de fonctionnaires en \u00e9change d&rsquo;un traitement favorable.<\/li>\n<li>S&rsquo;engager dans toute autre activit\u00e9 qui pourrait \u00eatre per\u00e7ue comme un pot-de-vin ou une corruption.<\/li>\n<\/ul>\n<p><strong>Deep Sea Agency prend tr\u00e8s au s\u00e9rieux ses obligations l\u00e9gales dans ce domaine. Toute violation de cette politique entra\u00eenera des mesures disciplinaires pouvant aller jusqu&rsquo;au licenciement.<\/strong><\/p>\n\t\t\t\t\t\t\t\t<\/div>\n\t\t\t\t<\/div>\n\t\t\t\t\t<\/div>\n\t\t\t\t<\/div>\n\t\t\t\t<\/div>\n\t\t","protected":false},"excerpt":{"rendered":"<p>Politique de lutte contre la corruption Champ d&rsquo;application de la politique La politique de l&rsquo;agence Deep Sea repose sur plusieurs principes et valeurs fondamentaux qu&rsquo;elle estime \u00eatre \u00e0 la base de pratiques commerciales saines et \u00e9quitables, et qu&rsquo;il est donc important de respecter. L&rsquo;un de ces principes est une attitude de tol\u00e9rance z\u00e9ro \u00e0 l&rsquo;\u00e9gard [&hellip;]<\/p>\n","protected":false},"author":3,"featured_media":0,"parent":0,"menu_order":0,"comment_status":"closed","ping_status":"closed","template":"elementor_header_footer","meta":{"footnotes":""},"class_list":["post-1104","page","type-page","status-publish","hentry"],"_links":{"self":[{"href":"https:\/\/deepsea.sa\/fr\/wp-json\/wp\/v2\/pages\/1104","targetHints":{"allow":["GET"]}}],"collection":[{"href":"https:\/\/deepsea.sa\/fr\/wp-json\/wp\/v2\/pages"}],"about":[{"href":"https:\/\/deepsea.sa\/fr\/wp-json\/wp\/v2\/types\/page"}],"author":[{"embeddable":true,"href":"https:\/\/deepsea.sa\/fr\/wp-json\/wp\/v2\/users\/3"}],"replies":[{"embeddable":true,"href":"https:\/\/deepsea.sa\/fr\/wp-json\/wp\/v2\/comments?post=1104"}],"version-history":[{"count":3,"href":"https:\/\/deepsea.sa\/fr\/wp-json\/wp\/v2\/pages\/1104\/revisions"}],"predecessor-version":[{"id":2044,"href":"https:\/\/deepsea.sa\/fr\/wp-json\/wp\/v2\/pages\/1104\/revisions\/2044"}],"wp:attachment":[{"href":"https:\/\/deepsea.sa\/fr\/wp-json\/wp\/v2\/media?parent=1104"}],"curies":[{"name":"wp","href":"https:\/\/api.w.org\/{rel}","templated":true}]}}